{"id":2,"date":"2020-07-28T11:52:25","date_gmt":"2020-07-28T09:52:25","guid":{"rendered":"https:\/\/web.welsch-fahrzeugbau.de\/reparatur\/?page_id=2"},"modified":"2020-07-28T13:04:27","modified_gmt":"2020-07-28T11:04:27","slug":"beispiel-seite","status":"publish","type":"page","link":"https:\/\/web.welsch-fahrzeugbau.de\/reparatur\/","title":{"rendered":"Home"},"content":{"rendered":"\r\n\n<!-- NOTE: If you need to make changes to this file, copy it to your current theme's main\n\tdirectory so your changes won't be overwritten when the plugin is upgraded. -->\n\n<!-- Post Wrap Start-->\n<div class=\"post hentry ivycat-post\">\n\n\t<!-- \tThis outputs the post TITLE -->\n\t<h2 class=\"entry-title\"><a href=\"https:\/\/web.welsch-fahrzeugbau.de\/reparatur\/2020\/07\/28\/hallo-welt\/\">Der Leihwagenservice passt zu Ihnen<\/a><\/h2>\n\n\t<!-- \tThis outputs the post EXCERPT.  To display full content including images and html,\n\t\treplace the_excerpt(); with the_content();  below. -->\n\t<div class=\"entry-summary\">\n\t\t<img loading=\"lazy\" class=\"alignright wp-image-8\" src=\"https:\/\/web.welsch-fahrzeugbau.de\/reparatur\/wp-content\/uploads\/sites\/2\/2020\/07\/SEAT_small-300x201.png\" alt=\"\" width=\"200\" height=\"134\" srcset=\"https:\/\/web.welsch-fahrzeugbau.de\/reparatur\/wp-content\/uploads\/sites\/2\/2020\/07\/SEAT_small-300x201.png 300w, https:\/\/web.welsch-fahrzeugbau.de\/reparatur\/wp-content\/uploads\/sites\/2\/2020\/07\/SEAT_small-272x182.png 272w, https:\/\/web.welsch-fahrzeugbau.de\/reparatur\/wp-content\/uploads\/sites\/2\/2020\/07\/SEAT_small.png 400w\" sizes=\"(max-width: 200px) 100vw, 200px\" \/>Wir sind Ihr Ansprechpartner f\u00fcr einen komfortablen Unfall-Service. Unsere Ersatzfahrzeuge entsprechen sicherlich auch Ihren Erwartungen. Wir stellen Ihnen aktuelle Automobile in der Fahrzeugklasse zur Verf\u00fcgung, die Sie gewohnt sind.\r\n<div><\/div>\t<\/div>\n\n\t<!--\tThis outputs the post META information -->\n\t<div class=\"entry-utility\">\n\t\t\t\t\t<span class=\"cat-links\">\n\t\t\t\t<span class=\"entry-utility-prep entry-utility-prep-cat-links\">Posted in<\/span> <a href=\"https:\/\/web.welsch-fahrzeugbau.de\/reparatur\/category\/home\/\" rel=\"category tag\">home<\/a>\t\t\t<\/span>\n\t\t\t<span class=\"meta-sep\">|<\/span>\n\t\t\t\t\t\t<span class=\"comments-link\">\n\t\t\t<span>Kommentare deaktiviert<span class=\"screen-reader-text\"> f\u00fcr Der Leihwagenservice passt zu Ihnen<\/span><\/span>\t\t<\/span>\n\t\t\t<\/div>\n<\/div>\n<!-- \/\/ Post Wrap End -->\n\n<!-- NOTE: If you need to make changes to this file, copy it to your current theme's main\n\tdirectory so your changes won't be overwritten when the plugin is upgraded. -->\n\n<!-- Post Wrap Start-->\n<div class=\"post hentry ivycat-post\">\n\n\t<!-- \tThis outputs the post TITLE -->\n\t<h2 class=\"entry-title\"><a href=\"https:\/\/web.welsch-fahrzeugbau.de\/reparatur\/2020\/07\/28\/lackieren-auf-hoechstem-niveau\/\">Lackieren auf h\u00f6chstem Niveau<\/a><\/h2>\n\n\t<!-- \tThis outputs the post EXCERPT.  To display full content including images and html,\n\t\treplace the_excerpt(); with the_content();  below. -->\n\t<div class=\"entry-summary\">\n\t\t<p><img loading=\"lazy\" class=\"alignleft wp-image-52\" src=\"https:\/\/web.welsch-fahrzeugbau.de\/reparatur\/wp-content\/uploads\/sites\/2\/2020\/07\/welsch_Lackiererei_small-300x225.png\" alt=\"\" width=\"200\" height=\"150\" srcset=\"https:\/\/web.welsch-fahrzeugbau.de\/reparatur\/wp-content\/uploads\/sites\/2\/2020\/07\/welsch_Lackiererei_small-300x225.png 300w, https:\/\/web.welsch-fahrzeugbau.de\/reparatur\/wp-content\/uploads\/sites\/2\/2020\/07\/welsch_Lackiererei_small.png 400w\" sizes=\"(max-width: 200px) 100vw, 200px\" \/>Als Karosserie-Fachbetrieb der auch oft komplette Automobile als Sonderfahrzeuge umbaut, hat unser Team von Lackierern, die breit Erfahrung um alle Formen von Lackierarbeiten auszuf\u00fchren. Gerade die Abstimmung der Farbt\u00f6ne und auch Farbsysteme bei verschiedenen Fahrzeugtypen ist sehr interessant.<\/p>\n<p>Wir finden &hellip; <a href=\"https:\/\/web.welsch-fahrzeugbau.de\/reparatur\/2020\/07\/28\/lackieren-auf-hoechstem-niveau\/\" class=\"read-more\">Alle Infos <span class=\"screen-reader-text\"> &#8220;Lackieren auf h\u00f6chstem Niveau&#8221;<\/span><\/a><\/p>\t<\/div>\n\n\t<!--\tThis outputs the post META information -->\n\t<div class=\"entry-utility\">\n\t\t\t\t\t<span class=\"cat-links\">\n\t\t\t\t<span class=\"entry-utility-prep entry-utility-prep-cat-links\">Posted in<\/span> <a href=\"https:\/\/web.welsch-fahrzeugbau.de\/reparatur\/category\/home\/\" rel=\"category tag\">home<\/a>\t\t\t<\/span>\n\t\t\t<span class=\"meta-sep\">|<\/span>\n\t\t\t\t\t\t<span class=\"comments-link\">\n\t\t\t<span>Kommentare deaktiviert<span class=\"screen-reader-text\"> f\u00fcr Lackieren auf h\u00f6chstem Niveau<\/span><\/span>\t\t<\/span>\n\t\t\t<\/div>\n<\/div>\n<!-- \/\/ Post Wrap End -->\n\n<!-- NOTE: If you need to make changes to this file, copy it to your current theme's main\n\tdirectory so your changes won't be overwritten when the plugin is upgraded. -->\n\n<!-- Post Wrap Start-->\n<div class=\"post hentry ivycat-post\">\n\n\t<!-- \tThis outputs the post TITLE -->\n\t<h2 class=\"entry-title\"><a href=\"https:\/\/web.welsch-fahrzeugbau.de\/reparatur\/2020\/07\/28\/welsch-karosserie-fachbetrieb-mit-tradition\/\">WELSCH \u2013 Karosserie Fachbetrieb mit Tradition<\/a><\/h2>\n\n\t<!-- \tThis outputs the post EXCERPT.  To display full content including images and html,\n\t\treplace the_excerpt(); with the_content();  below. -->\n\t<div class=\"entry-summary\">\n\t\t<p><img loading=\"lazy\" class=\"alignright wp-image-56\" src=\"https:\/\/web.welsch-fahrzeugbau.de\/reparatur\/wp-content\/uploads\/sites\/2\/2020\/07\/3_Audi_small-300x201.png\" alt=\"\" width=\"200\" height=\"134\" srcset=\"https:\/\/web.welsch-fahrzeugbau.de\/reparatur\/wp-content\/uploads\/sites\/2\/2020\/07\/3_Audi_small-300x201.png 300w, https:\/\/web.welsch-fahrzeugbau.de\/reparatur\/wp-content\/uploads\/sites\/2\/2020\/07\/3_Audi_small-272x182.png 272w, https:\/\/web.welsch-fahrzeugbau.de\/reparatur\/wp-content\/uploads\/sites\/2\/2020\/07\/3_Audi_small.png 400w\" sizes=\"(max-width: 200px) 100vw, 200px\" \/>Heute werden die Anspr\u00fcche der Hersteller bei Unfallreparaturen immer h\u00f6her. Nur geschulte Fachkr\u00e4fte mit langj\u00e4hriger Erfahrung gew\u00e4hrleisten den Qualit\u00e4ts-Standard, den Sie mit Recht erwarten k\u00f6nnen Bei Haftpflichtsch\u00e4den oder einem Kaskoschadenfall k\u00fcmmern wir uns sowohl um die Abwicklung bzw. Abrechnung als &hellip; <a href=\"https:\/\/web.welsch-fahrzeugbau.de\/reparatur\/2020\/07\/28\/welsch-karosserie-fachbetrieb-mit-tradition\/\" class=\"read-more\">Alle Infos <span class=\"screen-reader-text\"> &#8220;WELSCH \u2013 Karosserie Fachbetrieb mit Tradition&#8221;<\/span><\/a><\/p>\t<\/div>\n\n\t<!--\tThis outputs the post META information -->\n\t<div class=\"entry-utility\">\n\t\t\t\t\t<span class=\"cat-links\">\n\t\t\t\t<span class=\"entry-utility-prep entry-utility-prep-cat-links\">Posted in<\/span> <a href=\"https:\/\/web.welsch-fahrzeugbau.de\/reparatur\/category\/home\/\" rel=\"category tag\">home<\/a>\t\t\t<\/span>\n\t\t\t<span class=\"meta-sep\">|<\/span>\n\t\t\t\t\t\t<span class=\"comments-link\">\n\t\t\t<span>Kommentare deaktiviert<span class=\"screen-reader-text\"> f\u00fcr WELSCH \u2013 Karosserie Fachbetrieb mit Tradition<\/span><\/span>\t\t<\/span>\n\t\t\t<\/div>\n<\/div>\n<!-- \/\/ Post Wrap End -->\n\n<!-- NOTE: If you need to make changes to this file, copy it to your current theme's main\n\tdirectory so your changes won't be overwritten when the plugin is upgraded. -->\n\n<!-- Post Wrap Start-->\n<div class=\"post hentry ivycat-post\">\n\n\t<!-- \tThis outputs the post TITLE -->\n\t<h2 class=\"entry-title\"><a href=\"https:\/\/web.welsch-fahrzeugbau.de\/reparatur\/2020\/07\/28\/werterhaltung-steht-immer-im-vordergrund\/\">Werterhaltung steht immer im Vordergrund<\/a><\/h2>\n\n\t<!-- \tThis outputs the post EXCERPT.  To display full content including images and html,\n\t\treplace the_excerpt(); with the_content();  below. -->\n\t<div class=\"entry-summary\">\n\t\t<p><img loading=\"lazy\" class=\"alignleft wp-image-59\" src=\"https:\/\/web.welsch-fahrzeugbau.de\/reparatur\/wp-content\/uploads\/sites\/2\/2020\/07\/1_Packard_1940_small-300x200.png\" alt=\"\" width=\"200\" height=\"134\" srcset=\"https:\/\/web.welsch-fahrzeugbau.de\/reparatur\/wp-content\/uploads\/sites\/2\/2020\/07\/1_Packard_1940_small-300x200.png 300w, https:\/\/web.welsch-fahrzeugbau.de\/reparatur\/wp-content\/uploads\/sites\/2\/2020\/07\/1_Packard_1940_small-272x182.png 272w, https:\/\/web.welsch-fahrzeugbau.de\/reparatur\/wp-content\/uploads\/sites\/2\/2020\/07\/1_Packard_1940_small.png 400w\" sizes=\"(max-width: 200px) 100vw, 200px\" \/>Zeitwertgerechte Instandsetzung oder ein Zustand besser als neu \u2013 Sie entscheiden wie Sie Ihren Old- oder Youngtimer haben m\u00f6chten.<\/p>\n<p>Der erfahrene Fachmann kann oft g\u00fcnstiger als Sie denken, ein Fahrzeug zu einem echten Schatz werden lassen. Wir erwarten Sie gerne &hellip; <a href=\"https:\/\/web.welsch-fahrzeugbau.de\/reparatur\/2020\/07\/28\/werterhaltung-steht-immer-im-vordergrund\/\" class=\"read-more\">Alle Infos <span class=\"screen-reader-text\"> &#8220;Werterhaltung steht immer im Vordergrund&#8221;<\/span><\/a><\/p>\t<\/div>\n\n\t<!--\tThis outputs the post META information -->\n\t<div class=\"entry-utility\">\n\t\t\t\t\t<span class=\"cat-links\">\n\t\t\t\t<span class=\"entry-utility-prep entry-utility-prep-cat-links\">Posted in<\/span> <a href=\"https:\/\/web.welsch-fahrzeugbau.de\/reparatur\/category\/home\/\" rel=\"category tag\">home<\/a>\t\t\t<\/span>\n\t\t\t<span class=\"meta-sep\">|<\/span>\n\t\t\t\t\t\t<span class=\"comments-link\">\n\t\t\t<span>Kommentare deaktiviert<span class=\"screen-reader-text\"> f\u00fcr Werterhaltung steht immer im Vordergrund<\/span><\/span>\t\t<\/span>\n\t\t\t<\/div>\n<\/div>\n<!-- \/\/ Post Wrap End -->\n\r\n","protected":false},"excerpt":{"rendered":"<p><img loading=\"lazy\" class=\"alignleft wp-image-59\" src=\"https:\/\/web.welsch-fahrzeugbau.de\/reparatur\/wp-content\/uploads\/sites\/2\/2020\/07\/1_Packard_1940_small-300x200.png\" alt=\"\" width=\"200\" height=\"134\" srcset=\"https:\/\/web.welsch-fahrzeugbau.de\/reparatur\/wp-content\/uploads\/sites\/2\/2020\/07\/1_Packard_1940_small-300x200.png 300w, https:\/\/web.welsch-fahrzeugbau.de\/reparatur\/wp-content\/uploads\/sites\/2\/2020\/07\/1_Packard_1940_small-272x182.png 272w, https:\/\/web.welsch-fahrzeugbau.de\/reparatur\/wp-content\/uploads\/sites\/2\/2020\/07\/1_Packard_1940_small.png 400w\" sizes=\"(max-width: 200px) 100vw, 200px\" \/>Zeitwertgerechte Instandsetzung oder ein Zustand besser als neu \u2013 Sie entscheiden wie Sie Ihren Old- oder Youngtimer haben m\u00f6chten.<\/p>\n<p>Der erfahrene Fachmann kann oft g\u00fcnstiger als Sie denken, ein Fahrzeug zu einem echten Schatz werden lassen. Wir erwarten Sie gerne &hellip; <a href=\"https:\/\/web.welsch-fahrzeugbau.de\/reparatur\/2020\/07\/28\/werterhaltung-steht-immer-im-vordergrund\/\" class=\"read-more\">Alle Infos <span class=\"screen-reader-text\"> &#8220;Werterhaltung steht immer im Vordergrund&#8221;<\/span><\/a><\/p>","protected":false},"author":2,"featured_media":0,"parent":0,"menu_order":0,"comment_status":"closed","ping_status":"open","template":"","meta":{"inline_featured_image":false},"_links":{"self":[{"href":"https:\/\/web.welsch-fahrzeugbau.de\/reparatur\/wp-json\/wp\/v2\/pages\/2"}],"collection":[{"href":"https:\/\/web.welsch-fahrzeugbau.de\/reparatur\/wp-json\/wp\/v2\/pages"}],"about":[{"href":"https:\/\/web.welsch-fahrzeugbau.de\/reparatur\/wp-json\/wp\/v2\/types\/page"}],"author":[{"embeddable":true,"href":"https:\/\/web.welsch-fahrzeugbau.de\/reparatur\/wp-json\/wp\/v2\/users\/2"}],"replies":[{"embeddable":true,"href":"https:\/\/web.welsch-fahrzeugbau.de\/reparatur\/wp-json\/wp\/v2\/comments?post=2"}],"version-history":[{"count":2,"href":"https:\/\/web.welsch-fahrzeugbau.de\/reparatur\/wp-json\/wp\/v2\/pages\/2\/revisions"}],"predecessor-version":[{"id":72,"href":"https:\/\/web.welsch-fahrzeugbau.de\/reparatur\/wp-json\/wp\/v2\/pages\/2\/revisions\/72"}],"wp:attachment":[{"href":"https:\/\/web.welsch-fahrzeugbau.de\/reparatur\/wp-json\/wp\/v2\/media?parent=2"}],"curies":[{"name":"wp","href":"https:\/\/api.w.org\/{rel}","templated":true}]}}